{"id":7613,"date":"2018-12-18T15:08:17","date_gmt":"2018-12-18T15:08:17","guid":{"rendered":"https:\/\/klp.avokado.ninja\/?page_id=7613"},"modified":"2021-03-19T13:55:33","modified_gmt":"2021-03-19T12:55:33","slug":"uber-klp","status":"publish","type":"page","link":"https:\/\/klp.rs\/de\/uber-klp\/","title":{"rendered":"\u00dcBER KLP"},"content":{"rendered":"<div class=\"wpb-content-wrapper\"><p>[vc_row css=&#8220;.vc_custom_1545128239408{margin-top: 150px !important;}&#8220;][vc_column][vc_column_text]<img loading=\"lazy\" decoding=\"async\" class=\"alignnone wp-image-7164\" src=\"https:\/\/klp.rs\/wp-content\/uploads\/2018\/12\/logo-klp-2.png\" alt=\"\" width=\"110\" height=\"50\" \/>\u00a0 ,<strong>\u00a02, 3<\/strong> ist als Mehrzwecklager konzipiert, mit der M\u00f6glichkeit Waren in Regalen und am Boden zu lagern.<br \/>\nDie Lagerfl\u00e4che im Erdgeschoss betr\u00e4gt 17 000 m2 und oberhalb der Lade-\/Entladezone innerhalb des Geb\u00e4udes sind weitere 4 000 m2 erg\u00e4nzende B\u00fcrofl\u00e4chen verf\u00fcgbar.<br \/>\nEs wird eine flexible L\u00f6sung bereitgestellt, die Platz bietet, welcher in 10 Module unterteilt und an mehrere Nutzer vermietet werden kann.<br \/>\nDas KLP 2-Geb\u00e4ude hat eine Fl\u00e4che von 7000 m2, w\u00e4hrend das KLP 3-Geb\u00e4ude eine Gesamtfl\u00e4che von 10350 m2 hat, davon 7900 m2 Lagerfl\u00e4che und 2450 m2 B\u00fcrofl\u00e4che.<br \/>\nDas KLP 3-Geb\u00e4ude ist in 7 Module unterteilt.[\/vc_column_text][vc_row_inner css=&#8220;.vc_custom_1544446163218{margin-top: 50px !important;}&#8220;][vc_column_inner width=&#8220;1\/3&#8243;][vc_single_image image=&#8220;8516&#8243; img_size=&#8220;full&#8220;][vc_empty_space height=&#8220;33px&#8220;]<div class=\"edgtf-numbered-title\">\n\t<div class=\"edgtf-nt-number\" style=\"color:#e3b970;padding-right:3px\">\n\t\t<span>\n\t\t\t01\t\t<\/span>\n\t<\/div>\n\t<div class=\"edgtf-nt-title-subtitle-holder\">\n\t\t<h3 class=\"edgtf-nt-title\" >\n\t\t\tKonstruktion\t\t<\/h3>\n\t<\/div>\n<\/div>[vc_empty_space height=&#8220;25px&#8220;][vc_column_text]Die Konstruktion besteht aus Stahls\u00e4ulen und Stahlgittertr\u00e4gern. Die lichte Raumh\u00f6he betr\u00e4gt 11,5 m und kann f\u00fcr die Lagerung von bis zu 7 Paletten \u00fcbereinander verwendet werden. Das St\u00fctzenraster von 25 m x 17,25 m erm\u00f6glicht einen Abstand zwischen\u00a0den Palettenregalen\u00a0von 3,2 m und 1,8 m.[\/vc_column_text][vc_empty_space height=&#8220;40px&#8220;][\/vc_column_inner][vc_column_inner width=&#8220;1\/3&#8243;][vc_single_image image=&#8220;8509&#8243; img_size=&#8220;full&#8220;][vc_empty_space height=&#8220;33px&#8220;]<div class=\"edgtf-numbered-title\">\n\t<div class=\"edgtf-nt-number\" style=\"color:#e3b970;\">\n\t\t<span>\n\t\t\t02\t\t<\/span>\n\t<\/div>\n\t<div class=\"edgtf-nt-title-subtitle-holder\">\n\t\t<h3 class=\"edgtf-nt-title\" >\n\t\t\tKonzept\t\t<\/h3>\n\t<\/div>\n<\/div>[vc_empty_space height=&#8220;25px&#8220;][vc_column_text]Die Fl\u00e4che kann in bis zu 10\u00a0unabh\u00e4ngige Module\u00a0im Ausma\u00df von 1000 m\u00b2 bis 2000 m\u00b2 geteilt werden. Au\u00dferdem wurden\u00a0gibt es 38 Andockstationen \/ Laderampen zum Be- und Entladen von LKWs und Kleintransportern.[\/vc_column_text][vc_empty_space height=&#8220;40px&#8220;][\/vc_column_inner][vc_column_inner width=&#8220;1\/3&#8243;][vc_single_image image=&#8220;8118&#8243; img_size=&#8220;full&#8220;][vc_empty_space height=&#8220;33px&#8220;]<div class=\"edgtf-numbered-title\">\n\t<div class=\"edgtf-nt-number\" style=\"color:#e3b970;\">\n\t\t<span>\n\t\t\t03\t\t<\/span>\n\t<\/div>\n\t<div class=\"edgtf-nt-title-subtitle-holder\">\n\t\t<h3 class=\"edgtf-nt-title\" >\n\t\t\tDesign\t\t<\/h3>\n\t<\/div>\n<\/div>[vc_empty_space height=&#8220;23px&#8220;][vc_column_text]Das architektonische Design zeichnet sich durch eine dynamische und einfache Form aus, welche die Schnelligkeit des modernen Lebens und die effiziente Funktionsweise des Logistikzentrums unterstreicht und symbolisiert, welches einfach an unterschiedliche Anforderungen und W\u00fcnsche der zuk\u00fcnftigen Mieter angepasst werden kann.[\/vc_column_text][vc_empty_space height=&#8220;40px&#8220;][\/vc_column_inner][\/vc_row_inner][\/vc_column][\/vc_row][vc_row css=&#8220;.vc_custom_1544438470920{margin-bottom: 100px !important;padding-bottom: 2px !important;}&#8220;][vc_column][vc_column_text]Das Projekt wurde gem\u00e4\u00df den FM GLOBAL-Standards f\u00fcr Brandschutz und LEED-Standard errichtet.[\/vc_column_text][\/vc_column][\/vc_row]<\/p>\n<\/div>","protected":false},"excerpt":{"rendered":"<p>[vc_row css=&#8220;.vc_custom_1545128239408{margin-top: 150px !important;}&#8220;][vc_column][vc_column_text]\u00a0 ,\u00a02, 3 ist als Mehrzwecklager konzipiert, mit der M\u00f6glichkeit Waren in Regalen und am Boden zu lagern. Die Lagerfl\u00e4che im Erdgeschoss betr\u00e4gt 17 000 m2 und oberhalb der Lade-\/Entladezone innerhalb des Geb\u00e4udes sind weitere 4 000 m2 erg\u00e4nzende B\u00fcrofl\u00e4chen verf\u00fcgbar. Es&#8230;<\/p>\n","protected":false},"author":1,"featured_media":0,"parent":0,"menu_order":0,"comment_status":"closed","ping_status":"closed","template":"","meta":{"footnotes":""},"class_list":["post-7613","page","type-page","status-publish","hentry"],"yoast_head":"<!-- This site is optimized with the Yoast SEO plugin v27.4 - https:\/\/yoast.com\/product\/yoast-seo-wordpress\/ -->\n<title>\u00dcBER KLP - KLP<\/title>\n<meta name=\"robots\" content=\"index, follow, max-snippet:-1, max-image-preview:large, max-video-preview:-1\" \/>\n<link rel=\"canonical\" href=\"https:\/\/klp.rs\/de\/uber-klp\/\" \/>\n<meta property=\"og:locale\" content=\"de_DE\" \/>\n<meta property=\"og:type\" content=\"article\" \/>\n<meta property=\"og:title\" content=\"\u00dcBER KLP - KLP\" \/>\n<meta property=\"og:description\" content=\"[vc_row css=&#8220;.vc_custom_1545128239408{margin-top: 150px !important;}&#8220;][vc_column][vc_column_text]\u00a0 ,\u00a02, 3 ist als Mehrzwecklager konzipiert, mit der M\u00f6glichkeit Waren in Regalen und am Boden zu lagern. Die Lagerfl\u00e4che im Erdgeschoss betr\u00e4gt 17 000 m2 und oberhalb der Lade-\/Entladezone innerhalb des Geb\u00e4udes sind weitere 4 000 m2 erg\u00e4nzende B\u00fcrofl\u00e4chen verf\u00fcgbar. Es...\" \/>\n<meta property=\"og:url\" content=\"https:\/\/klp.rs\/de\/uber-klp\/\" \/>\n<meta property=\"og:site_name\" content=\"KLP\" \/>\n<meta property=\"article:modified_time\" content=\"2021-03-19T12:55:33+00:00\" \/>\n<meta property=\"og:image\" content=\"https:\/\/klp.rs\/wp-content\/uploads\/2018\/12\/logo-klp-2.png\" \/>\n<meta name=\"twitter:card\" content=\"summary_large_image\" \/>\n<meta name=\"twitter:label1\" content=\"Gesch\u00e4tzte Lesezeit\" \/>\n\t<meta name=\"twitter:data1\" content=\"2\u00a0Minuten\" \/>\n<script type=\"application\/ld+json\" class=\"yoast-schema-graph\">{\"@context\":\"https:\\\/\\\/schema.org\",\"@graph\":[{\"@type\":\"WebPage\",\"@id\":\"https:\\\/\\\/klp.rs\\\/de\\\/uber-klp\\\/\",\"url\":\"https:\\\/\\\/klp.rs\\\/de\\\/uber-klp\\\/\",\"name\":\"\u00dcBER KLP - KLP\",\"isPartOf\":{\"@id\":\"https:\\\/\\\/klp.rs\\\/#website\"},\"primaryImageOfPage\":{\"@id\":\"https:\\\/\\\/klp.rs\\\/de\\\/uber-klp\\\/#primaryimage\"},\"image\":{\"@id\":\"https:\\\/\\\/klp.rs\\\/de\\\/uber-klp\\\/#primaryimage\"},\"thumbnailUrl\":\"https:\\\/\\\/klp.rs\\\/wp-content\\\/uploads\\\/2018\\\/12\\\/logo-klp-2.png\",\"datePublished\":\"2018-12-18T15:08:17+00:00\",\"dateModified\":\"2021-03-19T12:55:33+00:00\",\"breadcrumb\":{\"@id\":\"https:\\\/\\\/klp.rs\\\/de\\\/uber-klp\\\/#breadcrumb\"},\"inLanguage\":\"de\",\"potentialAction\":[{\"@type\":\"ReadAction\",\"target\":[\"https:\\\/\\\/klp.rs\\\/de\\\/uber-klp\\\/\"]}]},{\"@type\":\"ImageObject\",\"inLanguage\":\"de\",\"@id\":\"https:\\\/\\\/klp.rs\\\/de\\\/uber-klp\\\/#primaryimage\",\"url\":\"https:\\\/\\\/klp.rs\\\/wp-content\\\/uploads\\\/2018\\\/12\\\/logo-klp-2.png\",\"contentUrl\":\"https:\\\/\\\/klp.rs\\\/wp-content\\\/uploads\\\/2018\\\/12\\\/logo-klp-2.png\"},{\"@type\":\"BreadcrumbList\",\"@id\":\"https:\\\/\\\/klp.rs\\\/de\\\/uber-klp\\\/#breadcrumb\",\"itemListElement\":[{\"@type\":\"ListItem\",\"position\":1,\"name\":\"Home\",\"item\":\"https:\\\/\\\/klp.rs\\\/de\\\/\"},{\"@type\":\"ListItem\",\"position\":2,\"name\":\"\u00dcBER KLP\"}]},{\"@type\":\"WebSite\",\"@id\":\"https:\\\/\\\/klp.rs\\\/#website\",\"url\":\"https:\\\/\\\/klp.rs\\\/\",\"name\":\"KLP\",\"description\":\"\",\"publisher\":{\"@id\":\"https:\\\/\\\/klp.rs\\\/#organization\"},\"potentialAction\":[{\"@type\":\"SearchAction\",\"target\":{\"@type\":\"EntryPoint\",\"urlTemplate\":\"https:\\\/\\\/klp.rs\\\/?s={search_term_string}\"},\"query-input\":{\"@type\":\"PropertyValueSpecification\",\"valueRequired\":true,\"valueName\":\"search_term_string\"}}],\"inLanguage\":\"de\"},{\"@type\":\"Organization\",\"@id\":\"https:\\\/\\\/klp.rs\\\/#organization\",\"name\":\"KLP - Konstruktor Logistics Park\",\"url\":\"https:\\\/\\\/klp.rs\\\/\",\"logo\":{\"@type\":\"ImageObject\",\"inLanguage\":\"de\",\"@id\":\"https:\\\/\\\/klp.rs\\\/#\\\/schema\\\/logo\\\/image\\\/\",\"url\":\"https:\\\/\\\/klp.rs\\\/wp-content\\\/uploads\\\/2018\\\/12\\\/cropped-logo-klp-light-3.jpg\",\"contentUrl\":\"https:\\\/\\\/klp.rs\\\/wp-content\\\/uploads\\\/2018\\\/12\\\/cropped-logo-klp-light-3.jpg\",\"width\":512,\"height\":512,\"caption\":\"KLP - Konstruktor Logistics Park\"},\"image\":{\"@id\":\"https:\\\/\\\/klp.rs\\\/#\\\/schema\\\/logo\\\/image\\\/\"}}]}<\/script>\n<!-- \/ Yoast SEO plugin. -->","yoast_head_json":{"title":"\u00dcBER KLP - KLP","robots":{"index":"index","follow":"follow","max-snippet":"max-snippet:-1","max-image-preview":"max-image-preview:large","max-video-preview":"max-video-preview:-1"},"canonical":"https:\/\/klp.rs\/de\/uber-klp\/","og_locale":"de_DE","og_type":"article","og_title":"\u00dcBER KLP - KLP","og_description":"[vc_row css=&#8220;.vc_custom_1545128239408{margin-top: 150px !important;}&#8220;][vc_column][vc_column_text]\u00a0 ,\u00a02, 3 ist als Mehrzwecklager konzipiert, mit der M\u00f6glichkeit Waren in Regalen und am Boden zu lagern. Die Lagerfl\u00e4che im Erdgeschoss betr\u00e4gt 17 000 m2 und oberhalb der Lade-\/Entladezone innerhalb des Geb\u00e4udes sind weitere 4 000 m2 erg\u00e4nzende B\u00fcrofl\u00e4chen verf\u00fcgbar. Es...","og_url":"https:\/\/klp.rs\/de\/uber-klp\/","og_site_name":"KLP","article_modified_time":"2021-03-19T12:55:33+00:00","og_image":[{"url":"https:\/\/klp.rs\/wp-content\/uploads\/2018\/12\/logo-klp-2.png","type":"","width":"","height":""}],"twitter_card":"summary_large_image","twitter_misc":{"Gesch\u00e4tzte Lesezeit":"2\u00a0Minuten"},"schema":{"@context":"https:\/\/schema.org","@graph":[{"@type":"WebPage","@id":"https:\/\/klp.rs\/de\/uber-klp\/","url":"https:\/\/klp.rs\/de\/uber-klp\/","name":"\u00dcBER KLP - KLP","isPartOf":{"@id":"https:\/\/klp.rs\/#website"},"primaryImageOfPage":{"@id":"https:\/\/klp.rs\/de\/uber-klp\/#primaryimage"},"image":{"@id":"https:\/\/klp.rs\/de\/uber-klp\/#primaryimage"},"thumbnailUrl":"https:\/\/klp.rs\/wp-content\/uploads\/2018\/12\/logo-klp-2.png","datePublished":"2018-12-18T15:08:17+00:00","dateModified":"2021-03-19T12:55:33+00:00","breadcrumb":{"@id":"https:\/\/klp.rs\/de\/uber-klp\/#breadcrumb"},"inLanguage":"de","potentialAction":[{"@type":"ReadAction","target":["https:\/\/klp.rs\/de\/uber-klp\/"]}]},{"@type":"ImageObject","inLanguage":"de","@id":"https:\/\/klp.rs\/de\/uber-klp\/#primaryimage","url":"https:\/\/klp.rs\/wp-content\/uploads\/2018\/12\/logo-klp-2.png","contentUrl":"https:\/\/klp.rs\/wp-content\/uploads\/2018\/12\/logo-klp-2.png"},{"@type":"BreadcrumbList","@id":"https:\/\/klp.rs\/de\/uber-klp\/#breadcrumb","itemListElement":[{"@type":"ListItem","position":1,"name":"Home","item":"https:\/\/klp.rs\/de\/"},{"@type":"ListItem","position":2,"name":"\u00dcBER KLP"}]},{"@type":"WebSite","@id":"https:\/\/klp.rs\/#website","url":"https:\/\/klp.rs\/","name":"KLP","description":"","publisher":{"@id":"https:\/\/klp.rs\/#organization"},"potentialAction":[{"@type":"SearchAction","target":{"@type":"EntryPoint","urlTemplate":"https:\/\/klp.rs\/?s={search_term_string}"},"query-input":{"@type":"PropertyValueSpecification","valueRequired":true,"valueName":"search_term_string"}}],"inLanguage":"de"},{"@type":"Organization","@id":"https:\/\/klp.rs\/#organization","name":"KLP - Konstruktor Logistics Park","url":"https:\/\/klp.rs\/","logo":{"@type":"ImageObject","inLanguage":"de","@id":"https:\/\/klp.rs\/#\/schema\/logo\/image\/","url":"https:\/\/klp.rs\/wp-content\/uploads\/2018\/12\/cropped-logo-klp-light-3.jpg","contentUrl":"https:\/\/klp.rs\/wp-content\/uploads\/2018\/12\/cropped-logo-klp-light-3.jpg","width":512,"height":512,"caption":"KLP - Konstruktor Logistics Park"},"image":{"@id":"https:\/\/klp.rs\/#\/schema\/logo\/image\/"}}]}},"_links":{"self":[{"href":"https:\/\/klp.rs\/de\/wp-json\/wp\/v2\/pages\/7613","targetHints":{"allow":["GET"]}}],"collection":[{"href":"https:\/\/klp.rs\/de\/wp-json\/wp\/v2\/pages"}],"about":[{"href":"https:\/\/klp.rs\/de\/wp-json\/wp\/v2\/types\/page"}],"author":[{"embeddable":true,"href":"https:\/\/klp.rs\/de\/wp-json\/wp\/v2\/users\/1"}],"replies":[{"embeddable":true,"href":"https:\/\/klp.rs\/de\/wp-json\/wp\/v2\/comments?post=7613"}],"version-history":[{"count":8,"href":"https:\/\/klp.rs\/de\/wp-json\/wp\/v2\/pages\/7613\/revisions"}],"predecessor-version":[{"id":8519,"href":"https:\/\/klp.rs\/de\/wp-json\/wp\/v2\/pages\/7613\/revisions\/8519"}],"wp:attachment":[{"href":"https:\/\/klp.rs\/de\/wp-json\/wp\/v2\/media?parent=7613"}],"curies":[{"name":"wp","href":"https:\/\/api.w.org\/{rel}","templated":true}]}}